{"id":232119,"date":"2019-06-11T12:00:01","date_gmt":"2019-06-11T10:00:01","guid":{"rendered":"https:\/\/rosapaisajista.com\/politica-de-privacidad\/"},"modified":"2025-10-10T14:06:56","modified_gmt":"2025-10-10T12:06:56","slug":"legal-notice-and-privacy-policy","status":"publish","type":"page","link":"https:\/\/rosapaisajista.com\/en\/legal-notice-and-privacy-policy\/","title":{"rendered":"Legal Notice and Privacy Policy"},"content":{"rendered":"<h4>LEGAL NOTICE<\/h4>\n<p><b>General information in compliance with Spanish Law 34\/2002 on Information Society Services and Electronic Commerce (LSSI-CE):<\/b><\/p>\n<p><span style=\"text-justify: auto;\">Rosa M. Ce\u00f1o Elie DNI: 51406273P<br \/>\nC\/ Pl\u00e9yades, 29, Nueva Andaluc\u00eda, 29660 Marbella, M\u00e1laga, Spain.<br \/>\nPhone: +34 685 430 835<br \/>\nE-Mail: <a href=\"mailto:hola@rosapaisajista.com\">hola@rosapaisajista.com<\/a><br \/>\nRosa M. Ce\u00f1o Elie is the owner of the domain name, web pages and online content accessible via the website: <a href=\"https:\/\/rosapaisajista.com\">https:\/\/rosapaisajista.com<\/a><\/p>\n<h4>PRIVACY POLICY<\/h4>\n<p>In compliance with Article 28 of the General Data Protection Regulation (GDPR) effective as of 25 May 2018, and in accordance with Spanish Organic Law 15\/1999 of 13 December on the Protection of Personal Data, Rosa M. Ce\u00f1o Elie and her website <a href=\"https:\/\/rosapaisajista.com\">https:\/\/rosapaisajista.com<\/a> adhere to current legislation regarding the protection of personal and contact data of subscribers, maintaining such data in strict confidentiality.<\/p>\n<p>In accordance with current legislation on data protection (LOPD), as well as the law governing information society services and electronic commerce (LSSI-CE), the user, by ticking the relevant checkbox, consents to the data provided via this website being incorporated into files owned by Rosa M. Ce\u00f1o Elie. The purpose of this is to facilitate the provision of requested services and the likely sending of information regarding offers, new products, services, or other relevant communications between Rosa M. Ce\u00f1o Elie and the user\/client.<\/p>\n<p>By using the contact forms and the email address provided on this website, the user expressly authorises Rosa M. Ce\u00f1o Elie to send commercial communications by post and\/or email, as well as to make telephone contact when necessary to offer the services advertised.<\/p>\n<p>The information received will be used solely for purposes directly related to each service and will not be disclosed to third parties. Rosa M. Ce\u00f1o Elie will store the personal data collected and will implement all necessary measures to prevent unauthorised alteration, loss, processing or access.<\/p>\n<p>Clients and\/or users of <a href=\"https:\/\/rosapaisajista.com\">https:\/\/rosapaisajista.com<\/a> may at any time exercise their rights of access, rectification, erasure, or objection concerning their personal data by writing to Rosa M. Ce\u00f1o Elie at C\/ Pl\u00e9yades 29, Marbella 29660, Spain, or by sending an email to <a href=\"mailto:hola@rosapaisajista.com\">hola@rosapaisajista.com<\/a>.<\/span><\/p>\n","protected":false},"excerpt":{"rendered":"<p>LEGAL NOTICE General information in compliance with Spanish Law 34\/2002 on Information Society Services and Electronic Commerce (LSSI-CE): Rosa M. Ce\u00f1o Elie DNI: 51406273P C\/ Pl\u00e9yades, 29, Nueva Andaluc\u00eda, 29660 Marbella, M\u00e1laga, Spain. Phone: +34 685 430 835 E-Mail: hola@rosapaisajista.com Rosa M. Ce\u00f1o Elie is the owner of the domain name, web pages and online [&hellip;]<\/p>\n","protected":false},"author":2,"featured_media":0,"parent":0,"menu_order":0,"comment_status":"closed","ping_status":"closed","template":"","meta":{"_acf_changed":false,"_et_pb_use_builder":"off","_et_pb_old_content":"","_et_gb_content_width":"","footnotes":""},"class_list":["post-232119","page","type-page","status-publish","hentry"],"acf":[],"yoast_head":"<!-- This site is optimized with the Yoast SEO plugin v26.1.1 - https:\/\/yoast.com\/wordpress\/plugins\/seo\/ -->\n<title>Legal Notice and Privacy Policy - Paisajista en Marbella<\/title>\n<meta name=\"robots\" content=\"index, follow, max-snippet:-1, max-image-preview:large, max-video-preview:-1\" \/>\n<link rel=\"canonical\" href=\"https:\/\/rosapaisajista.com\/en\/legal-notice-and-privacy-policy\/\" \/>\n<meta property=\"og:locale\" content=\"en_US\" \/>\n<meta property=\"og:type\" content=\"article\" \/>\n<meta property=\"og:title\" content=\"Legal Notice and Privacy Policy - Paisajista en Marbella\" \/>\n<meta property=\"og:description\" content=\"LEGAL NOTICE General information in compliance with Spanish Law 34\/2002 on Information Society Services and Electronic Commerce (LSSI-CE): Rosa M. Ce\u00f1o Elie DNI: 51406273P C\/ Pl\u00e9yades, 29, Nueva Andaluc\u00eda, 29660 Marbella, M\u00e1laga, Spain. Phone: +34 685 430 835 E-Mail: hola@rosapaisajista.com Rosa M. Ce\u00f1o Elie is the owner of the domain name, web pages and online [&hellip;]\" \/>\n<meta property=\"og:url\" content=\"https:\/\/rosapaisajista.com\/en\/legal-notice-and-privacy-policy\/\" \/>\n<meta property=\"og:site_name\" content=\"Paisajista en Marbella\" \/>\n<meta property=\"article:publisher\" content=\"https:\/\/www.facebook.com\/rosacpaisajista\" \/>\n<meta property=\"article:modified_time\" content=\"2025-10-10T12:06:56+00:00\" \/>\n<meta property=\"og:image\" content=\"https:\/\/rosapaisajista.com\/wp-content\/uploads\/2023\/12\/\u00b7-Ginkgo-Landscape_logo_fondo-blanco_150dpi.jpg\" \/>\n\t<meta property=\"og:image:width\" content=\"1348\" \/>\n\t<meta property=\"og:image:height\" content=\"630\" \/>\n\t<meta property=\"og:image:type\" content=\"image\/jpeg\" \/>\n<meta name=\"twitter:card\" content=\"summary_large_image\" \/>\n<meta name=\"twitter:label1\" content=\"Est. reading time\" \/>\n\t<meta name=\"twitter:data1\" content=\"2 minutes\" \/>\n<script type=\"application\/ld+json\" class=\"yoast-schema-graph\">{\"@context\":\"https:\/\/schema.org\",\"@graph\":[{\"@type\":\"WebPage\",\"@id\":\"https:\/\/rosapaisajista.com\/en\/legal-notice-and-privacy-policy\/\",\"url\":\"https:\/\/rosapaisajista.com\/en\/legal-notice-and-privacy-policy\/\",\"name\":\"Legal Notice and Privacy Policy - Paisajista en Marbella\",\"isPartOf\":{\"@id\":\"https:\/\/rosapaisajista.com\/#website\"},\"datePublished\":\"2019-06-11T10:00:01+00:00\",\"dateModified\":\"2025-10-10T12:06:56+00:00\",\"breadcrumb\":{\"@id\":\"https:\/\/rosapaisajista.com\/en\/legal-notice-and-privacy-policy\/#breadcrumb\"},\"inLanguage\":\"en-US\",\"potentialAction\":[{\"@type\":\"ReadAction\",\"target\":[\"https:\/\/rosapaisajista.com\/en\/legal-notice-and-privacy-policy\/\"]}]},{\"@type\":\"BreadcrumbList\",\"@id\":\"https:\/\/rosapaisajista.com\/en\/legal-notice-and-privacy-policy\/#breadcrumb\",\"itemListElement\":[{\"@type\":\"ListItem\",\"position\":1,\"name\":\"Portada\",\"item\":\"https:\/\/rosapaisajista.com\/\"},{\"@type\":\"ListItem\",\"position\":2,\"name\":\"Legal Notice and Privacy Policy\"}]},{\"@type\":\"WebSite\",\"@id\":\"https:\/\/rosapaisajista.com\/#website\",\"url\":\"https:\/\/rosapaisajista.com\/\",\"name\":\"Rosa Ce\u00f1o, estudio de paisajismo\",\"description\":\"Estudio de Paisajismo\",\"publisher\":{\"@id\":\"https:\/\/rosapaisajista.com\/#organization\"},\"alternateName\":\"Rosa Ce\u00f1o, estudio de paisajismo\",\"potentialAction\":[{\"@type\":\"SearchAction\",\"target\":{\"@type\":\"EntryPoint\",\"urlTemplate\":\"https:\/\/rosapaisajista.com\/?s={search_term_string}\"},\"query-input\":{\"@type\":\"PropertyValueSpecification\",\"valueRequired\":true,\"valueName\":\"search_term_string\"}}],\"inLanguage\":\"en-US\"},{\"@type\":\"Organization\",\"@id\":\"https:\/\/rosapaisajista.com\/#organization\",\"name\":\"Rosa Ce\u00f1o\",\"alternateName\":\"Rosa Ce\u00f1o, estudio de paisajismo\",\"url\":\"https:\/\/rosapaisajista.com\/\",\"logo\":{\"@type\":\"ImageObject\",\"inLanguage\":\"en-US\",\"@id\":\"https:\/\/rosapaisajista.com\/#\/schema\/logo\/image\/\",\"url\":\"https:\/\/rosapaisajista.com\/wp-content\/uploads\/2023\/12\/Ginkgo-Landscape-Rosa-Ceno-logo.png\",\"contentUrl\":\"https:\/\/rosapaisajista.com\/wp-content\/uploads\/2023\/12\/Ginkgo-Landscape-Rosa-Ceno-logo.png\",\"width\":647,\"height\":302,\"caption\":\"Rosa Ce\u00f1o\"},\"image\":{\"@id\":\"https:\/\/rosapaisajista.com\/#\/schema\/logo\/image\/\"},\"sameAs\":[\"https:\/\/www.facebook.com\/rosacpaisajista\",\"https:\/\/www.youtube.com\/@rosapaisajista\",\"https:\/\/www.instagram.com\/rosapaisajista\/\"]}]}<\/script>\n<!-- \/ Yoast SEO plugin. -->","yoast_head_json":{"title":"Legal Notice and Privacy Policy - Paisajista en Marbella","robots":{"index":"index","follow":"follow","max-snippet":"max-snippet:-1","max-image-preview":"max-image-preview:large","max-video-preview":"max-video-preview:-1"},"canonical":"https:\/\/rosapaisajista.com\/en\/legal-notice-and-privacy-policy\/","og_locale":"en_US","og_type":"article","og_title":"Legal Notice and Privacy Policy - Paisajista en Marbella","og_description":"LEGAL NOTICE General information in compliance with Spanish Law 34\/2002 on Information Society Services and Electronic Commerce (LSSI-CE): Rosa M. Ce\u00f1o Elie DNI: 51406273P C\/ Pl\u00e9yades, 29, Nueva Andaluc\u00eda, 29660 Marbella, M\u00e1laga, Spain. Phone: +34 685 430 835 E-Mail: hola@rosapaisajista.com Rosa M. Ce\u00f1o Elie is the owner of the domain name, web pages and online [&hellip;]","og_url":"https:\/\/rosapaisajista.com\/en\/legal-notice-and-privacy-policy\/","og_site_name":"Paisajista en Marbella","article_publisher":"https:\/\/www.facebook.com\/rosacpaisajista","article_modified_time":"2025-10-10T12:06:56+00:00","og_image":[{"width":1348,"height":630,"url":"https:\/\/rosapaisajista.com\/wp-content\/uploads\/2023\/12\/\u00b7-Ginkgo-Landscape_logo_fondo-blanco_150dpi.jpg","type":"image\/jpeg"}],"twitter_card":"summary_large_image","twitter_misc":{"Est. reading time":"2 minutes"},"schema":{"@context":"https:\/\/schema.org","@graph":[{"@type":"WebPage","@id":"https:\/\/rosapaisajista.com\/en\/legal-notice-and-privacy-policy\/","url":"https:\/\/rosapaisajista.com\/en\/legal-notice-and-privacy-policy\/","name":"Legal Notice and Privacy Policy - Paisajista en Marbella","isPartOf":{"@id":"https:\/\/rosapaisajista.com\/#website"},"datePublished":"2019-06-11T10:00:01+00:00","dateModified":"2025-10-10T12:06:56+00:00","breadcrumb":{"@id":"https:\/\/rosapaisajista.com\/en\/legal-notice-and-privacy-policy\/#breadcrumb"},"inLanguage":"en-US","potentialAction":[{"@type":"ReadAction","target":["https:\/\/rosapaisajista.com\/en\/legal-notice-and-privacy-policy\/"]}]},{"@type":"BreadcrumbList","@id":"https:\/\/rosapaisajista.com\/en\/legal-notice-and-privacy-policy\/#breadcrumb","itemListElement":[{"@type":"ListItem","position":1,"name":"Portada","item":"https:\/\/rosapaisajista.com\/"},{"@type":"ListItem","position":2,"name":"Legal Notice and Privacy Policy"}]},{"@type":"WebSite","@id":"https:\/\/rosapaisajista.com\/#website","url":"https:\/\/rosapaisajista.com\/","name":"Rosa Ce\u00f1o, estudio de paisajismo","description":"Estudio de Paisajismo","publisher":{"@id":"https:\/\/rosapaisajista.com\/#organization"},"alternateName":"Rosa Ce\u00f1o, estudio de paisajismo","potentialAction":[{"@type":"SearchAction","target":{"@type":"EntryPoint","urlTemplate":"https:\/\/rosapaisajista.com\/?s={search_term_string}"},"query-input":{"@type":"PropertyValueSpecification","valueRequired":true,"valueName":"search_term_string"}}],"inLanguage":"en-US"},{"@type":"Organization","@id":"https:\/\/rosapaisajista.com\/#organization","name":"Rosa Ce\u00f1o","alternateName":"Rosa Ce\u00f1o, estudio de paisajismo","url":"https:\/\/rosapaisajista.com\/","logo":{"@type":"ImageObject","inLanguage":"en-US","@id":"https:\/\/rosapaisajista.com\/#\/schema\/logo\/image\/","url":"https:\/\/rosapaisajista.com\/wp-content\/uploads\/2023\/12\/Ginkgo-Landscape-Rosa-Ceno-logo.png","contentUrl":"https:\/\/rosapaisajista.com\/wp-content\/uploads\/2023\/12\/Ginkgo-Landscape-Rosa-Ceno-logo.png","width":647,"height":302,"caption":"Rosa Ce\u00f1o"},"image":{"@id":"https:\/\/rosapaisajista.com\/#\/schema\/logo\/image\/"},"sameAs":["https:\/\/www.facebook.com\/rosacpaisajista","https:\/\/www.youtube.com\/@rosapaisajista","https:\/\/www.instagram.com\/rosapaisajista\/"]}]}},"_links":{"self":[{"href":"https:\/\/rosapaisajista.com\/en\/wp-json\/wp\/v2\/pages\/232119","targetHints":{"allow":["GET"]}}],"collection":[{"href":"https:\/\/rosapaisajista.com\/en\/wp-json\/wp\/v2\/pages"}],"about":[{"href":"https:\/\/rosapaisajista.com\/en\/wp-json\/wp\/v2\/types\/page"}],"author":[{"embeddable":true,"href":"https:\/\/rosapaisajista.com\/en\/wp-json\/wp\/v2\/users\/2"}],"replies":[{"embeddable":true,"href":"https:\/\/rosapaisajista.com\/en\/wp-json\/wp\/v2\/comments?post=232119"}],"version-history":[{"count":5,"href":"https:\/\/rosapaisajista.com\/en\/wp-json\/wp\/v2\/pages\/232119\/revisions"}],"predecessor-version":[{"id":232230,"href":"https:\/\/rosapaisajista.com\/en\/wp-json\/wp\/v2\/pages\/232119\/revisions\/232230"}],"wp:attachment":[{"href":"https:\/\/rosapaisajista.com\/en\/wp-json\/wp\/v2\/media?parent=232119"}],"curies":[{"name":"wp","href":"https:\/\/api.w.org\/{rel}","templated":true}]}}