{"id":231582,"date":"2018-02-09T10:48:57","date_gmt":"2018-02-09T10:48:57","guid":{"rendered":"https:\/\/rosapaisajista.com\/contacto\/"},"modified":"2025-09-25T10:49:50","modified_gmt":"2025-09-25T08:49:50","slug":"contact","status":"publish","type":"page","link":"https:\/\/rosapaisajista.com\/en\/contact\/","title":{"rendered":"Contact"},"content":{"rendered":"<p>[et_pb_section fb_built=&#8221;1&#8243; fullwidth=&#8221;on&#8221; _builder_version=&#8221;4.23.4&#8243; _module_preset=&#8221;default&#8221; global_colors_info=&#8221;{}&#8221;][et_pb_fullwidth_image src=&#8221;https:\/\/rosapaisajista.com\/wp-content\/uploads\/2024\/01\/RosaCeno-Paisajista-Marbella-5-scaled.jpg&#8221; title_text=&#8221;RosaCeno-Paisajista-Marbella-5&#8243; _builder_version=&#8221;4.23.4&#8243; _module_preset=&#8221;default&#8221; global_colors_info=&#8221;{}&#8221;][\/et_pb_fullwidth_image][et_pb_fullwidth_header title=&#8221;@ET-DC@eyJkeW5hbWljIjp0cnVlLCJjb250ZW50IjoicG9zdF90aXRsZSIsInNldHRpbmdzIjp7ImJlZm9yZSI6IiIsImFmdGVyIjoiIn19@&#8221; _builder_version=&#8221;4.23.4&#8243; _dynamic_attributes=&#8221;title&#8221; _module_preset=&#8221;default&#8221; background_color=&#8221;RGBA(255,255,255,0)&#8221; background_layout=&#8221;light&#8221; custom_margin=&#8221;||0px||false|false&#8221; custom_padding=&#8221;||0px||false|false&#8221; custom_css_title=&#8221;font-style: normal;&#8221; global_colors_info=&#8221;{}&#8221;][\/et_pb_fullwidth_header][\/et_pb_section][et_pb_section fb_built=&#8221;1&#8243; admin_label=&#8221;section&#8221; _builder_version=&#8221;4.23.4&#8243; custom_margin=&#8221;0px||0px||false|false&#8221; custom_padding=&#8221;0px||0px||false|false&#8221; global_colors_info=&#8221;{}&#8221;][et_pb_row _builder_version=&#8221;4.19.5&#8243; _module_preset=&#8221;default&#8221; global_colors_info=&#8221;{}&#8221;][et_pb_column type=&#8221;4_4&#8243; _builder_version=&#8221;4.19.5&#8243; _module_preset=&#8221;default&#8221; global_colors_info=&#8221;{}&#8221;][et_pb_text admin_label=&#8221;Text&#8221; _builder_version=&#8221;4.23.4&#8243; header_4_font=&#8221;|700|||||||&#8221; header_4_font_size=&#8221;24px&#8221; background_size=&#8221;initial&#8221; background_position=&#8221;top_left&#8221; background_repeat=&#8221;repeat&#8221; global_colors_info=&#8221;{}&#8221;]<\/p>\n<p>Rosa M. Ce\u00f1o Elie-Joseph<br \/>Ginkgo Landscape<br \/>Nueva Andaluc\u00eda<br \/>Marbella 29660, M\u00e1laga<br \/>Espa\u00f1a<br \/>Tel.: +34 685 430 835<br \/><a href=\"mailto:hola@rosapaisajista.com\">hola@rosapaisajista.com<\/a><br \/><a href=\"https:\/\/rosapaisajista.com\/en\/\">www.rosapaisajista.com<\/a><\/p>\n<p>[\/et_pb_text][\/et_pb_column][\/et_pb_row][et_pb_row gutter_width=&#8221;1&#8243; make_equal=&#8221;on&#8221; admin_label=&#8221;row&#8221; _builder_version=&#8221;4.23.4&#8243; background_size=&#8221;initial&#8221; background_position=&#8221;top_left&#8221; background_repeat=&#8221;repeat&#8221; width=&#8221;100%&#8221; max_width=&#8221;2560px&#8221; global_colors_info=&#8221;{}&#8221;][et_pb_column type=&#8221;4_4&#8243; _builder_version=&#8221;4.16&#8243; custom_padding=&#8221;|||&#8221; global_colors_info=&#8221;{}&#8221; custom_padding__hover=&#8221;|||&#8221;][et_pb_code _builder_version=&#8221;4.23.4&#8243; _module_preset=&#8221;default&#8221; global_colors_info=&#8221;{}&#8221;]<iframe src=\"https:\/\/www.google.com\/maps\/embed?pb=!1m18!1m12!1m3!1d36286.19085294448!2d-5.031383706230409!3d36.49918826116739!2m3!1f0!2f0!3f0!3m2!1i1024!2i768!4f13.1!3m3!1m2!1s0xd7329f95778141f%3A0x89f7238dbe6dc699!2sNueva%20Andaluc%C3%ADa%2C%2029660%20Marbella%2C%20M%C3%A1laga!5e0!3m2!1ses!2ses!4v1704990900754!5m2!1ses!2ses\" width=\"100%\" height=\"450\" style=\"border:0;\" allowfullscreen=\"\" loading=\"lazy\" referrerpolicy=\"no-referrer-when-downgrade\"><\/iframe>[\/et_pb_code][\/et_pb_column][\/et_pb_row][\/et_pb_section]<\/p>\n","protected":false},"excerpt":{"rendered":"<p>Rosa M. Ce\u00f1o Elie-JosephGinkgo LandscapeNueva Andaluc\u00edaMarbella 29660, M\u00e1lagaEspa\u00f1aTel.: +34 685 430 835hola@rosapaisajista.comwww.rosapaisajista.com<\/p>\n","protected":false},"author":2,"featured_media":0,"parent":0,"menu_order":0,"comment_status":"closed","ping_status":"closed","template":"","meta":{"_acf_changed":false,"_et_pb_use_builder":"on","_et_pb_old_content":"<h4><span style=\"color: #00990a;\">Get in touch with us<\/span><\/h4>\r\nRosa M. Ce\u00f1o Elie-Joseph\r\n\r\nGinkgo Landscape\r\n\r\nPhone: +34 685 430 835\r\n\r\nrosa@ginkgolandscape.com\r\n\r\n<a href=\"http:\/\/ginkgolandscape.heartbit.eu\">www.ginkgolandscape.com<\/a>\r\n\r\n\u00a0\r\n\r\n<span style=\"color: #00990a;\">Address:<\/span>\r\n\r\nNueva Andaluc\u00eda\r\n\r\nMarbella 29660,\r\n\r\nM\u00e1laga, Spain","_et_gb_content_width":"","footnotes":""},"class_list":["post-231582","page","type-page","status-publish","hentry"],"acf":[],"yoast_head":"<!-- This site is optimized with the Yoast SEO plugin v26.1.1 - https:\/\/yoast.com\/wordpress\/plugins\/seo\/ -->\n<title>Contact - Paisajista en Marbella<\/title>\n<meta name=\"robots\" content=\"index, follow, max-snippet:-1, max-image-preview:large, max-video-preview:-1\" \/>\n<link rel=\"canonical\" href=\"https:\/\/rosapaisajista.com\/en\/contact\/\" \/>\n<meta property=\"og:locale\" content=\"en_US\" \/>\n<meta property=\"og:type\" content=\"article\" \/>\n<meta property=\"og:title\" content=\"Contact - Paisajista en Marbella\" \/>\n<meta property=\"og:description\" content=\"Rosa M. Ce\u00f1o Elie-JosephGinkgo LandscapeNueva Andaluc\u00edaMarbella 29660, M\u00e1lagaEspa\u00f1aTel.: +34 685 430 835hola@rosapaisajista.comwww.rosapaisajista.com\" \/>\n<meta property=\"og:url\" content=\"https:\/\/rosapaisajista.com\/en\/contact\/\" \/>\n<meta property=\"og:site_name\" content=\"Paisajista en Marbella\" \/>\n<meta property=\"article:publisher\" content=\"https:\/\/www.facebook.com\/rosacpaisajista\" \/>\n<meta property=\"article:modified_time\" content=\"2025-09-25T08:49:50+00:00\" \/>\n<meta property=\"og:image\" content=\"https:\/\/rosapaisajista.com\/wp-content\/uploads\/2023\/12\/\u00b7-Ginkgo-Landscape_logo_fondo-blanco_150dpi.jpg\" \/>\n\t<meta property=\"og:image:width\" content=\"1348\" \/>\n\t<meta property=\"og:image:height\" content=\"630\" \/>\n\t<meta property=\"og:image:type\" content=\"image\/jpeg\" \/>\n<meta name=\"twitter:card\" content=\"summary_large_image\" \/>\n<meta name=\"twitter:label1\" content=\"Est. reading time\" \/>\n\t<meta name=\"twitter:data1\" content=\"1 minute\" \/>\n<script type=\"application\/ld+json\" class=\"yoast-schema-graph\">{\"@context\":\"https:\/\/schema.org\",\"@graph\":[{\"@type\":\"WebPage\",\"@id\":\"https:\/\/rosapaisajista.com\/en\/contact\/\",\"url\":\"https:\/\/rosapaisajista.com\/en\/contact\/\",\"name\":\"Contact - Paisajista en Marbella\",\"isPartOf\":{\"@id\":\"https:\/\/rosapaisajista.com\/#website\"},\"datePublished\":\"2018-02-09T10:48:57+00:00\",\"dateModified\":\"2025-09-25T08:49:50+00:00\",\"breadcrumb\":{\"@id\":\"https:\/\/rosapaisajista.com\/en\/contact\/#breadcrumb\"},\"inLanguage\":\"en-US\",\"potentialAction\":[{\"@type\":\"ReadAction\",\"target\":[\"https:\/\/rosapaisajista.com\/en\/contact\/\"]}]},{\"@type\":\"BreadcrumbList\",\"@id\":\"https:\/\/rosapaisajista.com\/en\/contact\/#breadcrumb\",\"itemListElement\":[{\"@type\":\"ListItem\",\"position\":1,\"name\":\"Portada\",\"item\":\"https:\/\/rosapaisajista.com\/\"},{\"@type\":\"ListItem\",\"position\":2,\"name\":\"Contact\"}]},{\"@type\":\"WebSite\",\"@id\":\"https:\/\/rosapaisajista.com\/#website\",\"url\":\"https:\/\/rosapaisajista.com\/\",\"name\":\"Rosa Ce\u00f1o, estudio de paisajismo\",\"description\":\"Estudio de Paisajismo\",\"publisher\":{\"@id\":\"https:\/\/rosapaisajista.com\/#organization\"},\"alternateName\":\"Rosa Ce\u00f1o, estudio de paisajismo\",\"potentialAction\":[{\"@type\":\"SearchAction\",\"target\":{\"@type\":\"EntryPoint\",\"urlTemplate\":\"https:\/\/rosapaisajista.com\/?s={search_term_string}\"},\"query-input\":{\"@type\":\"PropertyValueSpecification\",\"valueRequired\":true,\"valueName\":\"search_term_string\"}}],\"inLanguage\":\"en-US\"},{\"@type\":\"Organization\",\"@id\":\"https:\/\/rosapaisajista.com\/#organization\",\"name\":\"Rosa Ce\u00f1o\",\"alternateName\":\"Rosa Ce\u00f1o, estudio de paisajismo\",\"url\":\"https:\/\/rosapaisajista.com\/\",\"logo\":{\"@type\":\"ImageObject\",\"inLanguage\":\"en-US\",\"@id\":\"https:\/\/rosapaisajista.com\/#\/schema\/logo\/image\/\",\"url\":\"https:\/\/rosapaisajista.com\/wp-content\/uploads\/2023\/12\/Ginkgo-Landscape-Rosa-Ceno-logo.png\",\"contentUrl\":\"https:\/\/rosapaisajista.com\/wp-content\/uploads\/2023\/12\/Ginkgo-Landscape-Rosa-Ceno-logo.png\",\"width\":647,\"height\":302,\"caption\":\"Rosa Ce\u00f1o\"},\"image\":{\"@id\":\"https:\/\/rosapaisajista.com\/#\/schema\/logo\/image\/\"},\"sameAs\":[\"https:\/\/www.facebook.com\/rosacpaisajista\",\"https:\/\/www.youtube.com\/@rosapaisajista\",\"https:\/\/www.instagram.com\/rosapaisajista\/\"]}]}<\/script>\n<!-- \/ Yoast SEO plugin. -->","yoast_head_json":{"title":"Contact - Paisajista en Marbella","robots":{"index":"index","follow":"follow","max-snippet":"max-snippet:-1","max-image-preview":"max-image-preview:large","max-video-preview":"max-video-preview:-1"},"canonical":"https:\/\/rosapaisajista.com\/en\/contact\/","og_locale":"en_US","og_type":"article","og_title":"Contact - Paisajista en Marbella","og_description":"Rosa M. Ce\u00f1o Elie-JosephGinkgo LandscapeNueva Andaluc\u00edaMarbella 29660, M\u00e1lagaEspa\u00f1aTel.: +34 685 430 835hola@rosapaisajista.comwww.rosapaisajista.com","og_url":"https:\/\/rosapaisajista.com\/en\/contact\/","og_site_name":"Paisajista en Marbella","article_publisher":"https:\/\/www.facebook.com\/rosacpaisajista","article_modified_time":"2025-09-25T08:49:50+00:00","og_image":[{"width":1348,"height":630,"url":"https:\/\/rosapaisajista.com\/wp-content\/uploads\/2023\/12\/\u00b7-Ginkgo-Landscape_logo_fondo-blanco_150dpi.jpg","type":"image\/jpeg"}],"twitter_card":"summary_large_image","twitter_misc":{"Est. reading time":"1 minute"},"schema":{"@context":"https:\/\/schema.org","@graph":[{"@type":"WebPage","@id":"https:\/\/rosapaisajista.com\/en\/contact\/","url":"https:\/\/rosapaisajista.com\/en\/contact\/","name":"Contact - Paisajista en Marbella","isPartOf":{"@id":"https:\/\/rosapaisajista.com\/#website"},"datePublished":"2018-02-09T10:48:57+00:00","dateModified":"2025-09-25T08:49:50+00:00","breadcrumb":{"@id":"https:\/\/rosapaisajista.com\/en\/contact\/#breadcrumb"},"inLanguage":"en-US","potentialAction":[{"@type":"ReadAction","target":["https:\/\/rosapaisajista.com\/en\/contact\/"]}]},{"@type":"BreadcrumbList","@id":"https:\/\/rosapaisajista.com\/en\/contact\/#breadcrumb","itemListElement":[{"@type":"ListItem","position":1,"name":"Portada","item":"https:\/\/rosapaisajista.com\/"},{"@type":"ListItem","position":2,"name":"Contact"}]},{"@type":"WebSite","@id":"https:\/\/rosapaisajista.com\/#website","url":"https:\/\/rosapaisajista.com\/","name":"Rosa Ce\u00f1o, estudio de paisajismo","description":"Estudio de Paisajismo","publisher":{"@id":"https:\/\/rosapaisajista.com\/#organization"},"alternateName":"Rosa Ce\u00f1o, estudio de paisajismo","potentialAction":[{"@type":"SearchAction","target":{"@type":"EntryPoint","urlTemplate":"https:\/\/rosapaisajista.com\/?s={search_term_string}"},"query-input":{"@type":"PropertyValueSpecification","valueRequired":true,"valueName":"search_term_string"}}],"inLanguage":"en-US"},{"@type":"Organization","@id":"https:\/\/rosapaisajista.com\/#organization","name":"Rosa Ce\u00f1o","alternateName":"Rosa Ce\u00f1o, estudio de paisajismo","url":"https:\/\/rosapaisajista.com\/","logo":{"@type":"ImageObject","inLanguage":"en-US","@id":"https:\/\/rosapaisajista.com\/#\/schema\/logo\/image\/","url":"https:\/\/rosapaisajista.com\/wp-content\/uploads\/2023\/12\/Ginkgo-Landscape-Rosa-Ceno-logo.png","contentUrl":"https:\/\/rosapaisajista.com\/wp-content\/uploads\/2023\/12\/Ginkgo-Landscape-Rosa-Ceno-logo.png","width":647,"height":302,"caption":"Rosa Ce\u00f1o"},"image":{"@id":"https:\/\/rosapaisajista.com\/#\/schema\/logo\/image\/"},"sameAs":["https:\/\/www.facebook.com\/rosacpaisajista","https:\/\/www.youtube.com\/@rosapaisajista","https:\/\/www.instagram.com\/rosapaisajista\/"]}]}},"_links":{"self":[{"href":"https:\/\/rosapaisajista.com\/en\/wp-json\/wp\/v2\/pages\/231582","targetHints":{"allow":["GET"]}}],"collection":[{"href":"https:\/\/rosapaisajista.com\/en\/wp-json\/wp\/v2\/pages"}],"about":[{"href":"https:\/\/rosapaisajista.com\/en\/wp-json\/wp\/v2\/types\/page"}],"author":[{"embeddable":true,"href":"https:\/\/rosapaisajista.com\/en\/wp-json\/wp\/v2\/users\/2"}],"replies":[{"embeddable":true,"href":"https:\/\/rosapaisajista.com\/en\/wp-json\/wp\/v2\/comments?post=231582"}],"version-history":[{"count":2,"href":"https:\/\/rosapaisajista.com\/en\/wp-json\/wp\/v2\/pages\/231582\/revisions"}],"predecessor-version":[{"id":231585,"href":"https:\/\/rosapaisajista.com\/en\/wp-json\/wp\/v2\/pages\/231582\/revisions\/231585"}],"wp:attachment":[{"href":"https:\/\/rosapaisajista.com\/en\/wp-json\/wp\/v2\/media?parent=231582"}],"curies":[{"name":"wp","href":"https:\/\/api.w.org\/{rel}","templated":true}]}}